{"id":1730,"date":"2023-01-26T13:23:17","date_gmt":"2023-01-26T13:23:17","guid":{"rendered":"https:\/\/vabamu.ee\/contact-us\/"},"modified":"2026-02-02T09:23:44","modified_gmt":"2026-02-02T09:23:44","slug":"kontakt","status":"publish","type":"page","link":"https:\/\/vabamu.ee\/ru\/kontakt\/","title":{"rendered":"Kontakt"},"content":{"rendered":"            <div class=\"block-global-hero-section\">\n            <div class=\"wrap vabamu\">\n                                                    <div class=\"block-global-hero-section__image\">\n                        <img loading=\"lazy\" decoding=\"async\" width=\"1\" height=\"1\" src=\"https:\/\/vabamu.ee\/wp-content\/uploads\/2023\/05\/contact-hero.svg\" class=\"attachment-large size-large\" alt=\"\" \/>                    <\/div>\n                                <div class=\"block-global-hero-section__info\">\n                                            <div class=\"block-global-hero-section__pre-title anim\">\n                            Kontakt                        <\/div>\n                                                                <h2 class=\"anim\">\n                            V\u00f5ta meiega \u00fchendust                        <\/h2>\n                                                                <div class=\"block-global-hero-section__desc anim\">\n                            <p>Meie muuseumi meeskond on arvult v\u00e4ike, aga hingelt suur. Usume koost\u00f6\u00f6sse ja teame, et l\u00e4hiajaloo lood aitavad meil luua parema homse. V\u00f5ta meiega julgelt \u00fchendust v\u00f5i tule meile k\u00fclla, et teha seda koos.<\/p>\n                        <\/div>\n                                    <\/div>\n            <\/div>\n        <\/div>\n    \n\n            <div class=\"block-contact-tabs\">\n            <div class=\"wrap\" id=\"contactTabs\">\n                <ul class=\"block-contact-tabs__titles\">\n                                                                        <li>\n                                <a class=\"active\" href=\"#tabs-0\">\n                                    Vabamu                                <\/a>\n                            <\/li>\n                                                                                                <li>\n                                <a class=\"1\" href=\"#tabs-1\">\n                                    KGB vangikongid                                <\/a>\n                            <\/li>\n                                                                                                <li>\n                                <a class=\"active\" href=\"#tabs-2\">\n                                    \u00dcldandmed                                <\/a>\n                            <\/li>\n                                                                                                <li>\n                                <a class=\"active\" href=\"#tabs-3\">\n                                    Tagasiside                                <\/a>\n                            <\/li>\n                                                                                                        <\/ul>\n\n                                            <div id=\"tabs-0\" class=\"block-contact-tabs__el\">\n                                                            <div class=\"el-map\">\n      <div id=\"map_0\" class=\"map-container\"><\/div>\n        <div class=\"map-info\">\n              <p>Toompea 8b, Tallinn<\/p>\n                    <div class=\"button blue\">\n          <a target=\"_blank\" href=\"https:\/\/goo.gl\/maps\/k7ewifSFD73XCzmn6\">\n            Juhised          <\/a>\n        <\/div>\n          <\/div>\n        <div class=\"map-content\">\n      <h3><span style=\"white-space: pre-wrap;\">Avatud<\/span><\/h3>\n<p>1. maist kuni 30. septembril E<span style=\"white-space: pre-wrap;\">\u2013P kell 10\u201318<\/span><\/p>\n<p>1. oktoobrist kuni 30. aprillini K<span style=\"white-space-collapse: preserve;\">\u2013P kell 11\u201318<\/span><\/p>\n<p>&nbsp;<\/p>\n    <\/div>\n    <\/div>\n  <script type=\"text\/javascript\">\n    (function () {\n      function initMap() {\n        if (!window.google || !google.maps || !google.maps.Map) {\n          setTimeout(initMap, 100);\n          return;\n        }\n\n        const address = { lat: 59.432600, lng: 24.739423 };\n        const map = new google.maps.Map(document.getElementById(\"map_\" + 0), {\n          zoom: 16,\n          center: address,\n        });\n\n        let attempts = 0;\n        function ensureMarker() {\n          if (google.maps.marker && google.maps.marker.AdvancedMarkerElement) {\n            new google.maps.marker.AdvancedMarkerElement({\n              position: address,\n              map: map,\n            });\n            return;\n          }\n\n          if (attempts < 20) {\n            attempts += 1;\n            setTimeout(ensureMarker, 100);\n            return;\n          }\n        }\n\n        ensureMarker();\n      }\n      setTimeout(function () {\n        initMap();\n      }, 300);\n    }());\n  <\/script>\n\n                                                    <\/div>\n                                            <div id=\"tabs-1\" class=\"block-contact-tabs__el\">\n                                                            <div class=\"el-map\">\n      <div id=\"map_1\" class=\"map-container\"><\/div>\n        <div class=\"map-info\">\n              <p>Pagari 1, Tallinn<\/p>\n                    <div class=\"button blue\">\n          <a target=\"_blank\" href=\"https:\/\/goo.gl\/maps\/8GX5bAD7jVs\">\n            Vaata kaardilt          <\/a>\n        <\/div>\n          <\/div>\n        <div class=\"map-content\">\n      <h3><span style=\"white-space: pre-wrap;\">Avatud<\/span><\/h3>\n<p>1. maist kuni 30. septembril E<span style=\"white-space: pre-wrap;\">\u2013P kell 10\u201318<br \/>\n<\/span>1. oktoobrist kuni 30. aprillini K<span style=\"white-space-collapse: preserve;\">\u2013P kell 11\u201318<\/span><\/p>\n<p>&nbsp;<\/p>\n    <\/div>\n    <\/div>\n  <script type=\"text\/javascript\">\n    (function () {\n      function initMap() {\n        if (!window.google || !google.maps || !google.maps.Map) {\n          setTimeout(initMap, 100);\n          return;\n        }\n\n        const address = { lat: 59.440533, lng: 24.747582 };\n        const map = new google.maps.Map(document.getElementById(\"map_\" + 1), {\n          zoom: 16,\n          center: address,\n        });\n\n        let attempts = 0;\n        function ensureMarker() {\n          if (google.maps.marker && google.maps.marker.AdvancedMarkerElement) {\n            new google.maps.marker.AdvancedMarkerElement({\n              position: address,\n              map: map,\n            });\n            return;\n          }\n\n          if (attempts < 20) {\n            attempts += 1;\n            setTimeout(ensureMarker, 100);\n            return;\n          }\n        }\n\n        ensureMarker();\n      }\n      setTimeout(function () {\n        initMap();\n      }, 300);\n    }());\n  <\/script>\n\n                                                    <\/div>\n                                            <div id=\"tabs-2\" class=\"block-contact-tabs__el\">\n                                                            <div class=\"map-content-info\">\n            <h2>\n            \u00dcldandmed        <\/h2>\n        <div class=\"map-content-info__contact-info\">\n                    <div class=\"left-side\">\n                <p><strong>Kistler-Ritso Eesti Sihtasutus<\/strong><br \/>\nToompea 8b,10130 Tallinn<\/p>\n<p><strong>Rg-kood:<\/strong> 90000951<br \/>\n<strong>KMKR:<\/strong> EE100963063<br \/>\n<strong>Arvelduskonto (IBAN):<\/strong> EE077700771001627601<br \/>\nPanga nimi: AS LHV Pank<br \/>\nPanga SWIFT\/BIC: LHVBEE22<\/p>\n            <\/div>\n                            <div class=\"right-side\">\n                <p><strong>Telefon:<\/strong> +372 668 0250<br \/>\n<strong>E-post:<\/strong> <a href=\"mailto:info@vabamu.ee\">info@vabamu.ee<\/a><br \/>\n<strong>Broneeringud:<\/strong> <a href=\"mailto:broneering@vabamu.ee\">broneering@vabamu.ee<\/a> v\u00f5i 668 0250<\/p>\n            <\/div>\n            <\/div>\n<\/div>                                                    <\/div>\n                                            <div id=\"tabs-3\" class=\"block-contact-tabs__el\">\n                                                            <div class=\"map-content-info block-contact-form\">\n    <div class=\"map-content-info__contact-info\">\n        <div class=\"map-content-form\">\n                            <h2>\n                    Tagasiside                <\/h2>\n                        \n<div class=\"wpcf7 no-js\" id=\"wpcf7-f2517-o1\" lang=\"ru-RU\" dir=\"ltr\" data-wpcf7-id=\"2517\">\n<div class=\"screen-reader-response\"><p role=\"status\" aria-live=\"polite\" aria-atomic=\"true\"><\/p> <ul><\/ul><\/div>\n<form action=\"\/ru\/wp-json\/wp\/v2\/pages\/1730#wpcf7-f2517-o1\" method=\"post\" class=\"wpcf7-form init\" aria-label=\"\u041a\u043e\u043d\u0442\u0430\u043a\u0442\u043d\u0430\u044f \u0444\u043e\u0440\u043c\u0430\" novalidate=\"novalidate\" data-status=\"init\">\n<fieldset class=\"hidden-fields-container\"><input type=\"hidden\" name=\"_wpcf7\" value=\"2517\" \/><input type=\"hidden\" name=\"_wpcf7_version\" value=\"6.1.5\" \/><input type=\"hidden\" name=\"_wpcf7_locale\" value=\"ru_RU\" \/><input type=\"hidden\" name=\"_wpcf7_unit_tag\" value=\"wpcf7-f2517-o1\" \/><input type=\"hidden\" name=\"_wpcf7_container_post\" value=\"0\" \/><input type=\"hidden\" name=\"_wpcf7_posted_data_hash\" value=\"\" \/><input type=\"hidden\" name=\"_wpcf7cf_hidden_group_fields\" value=\"[]\" \/><input type=\"hidden\" name=\"_wpcf7cf_hidden_groups\" value=\"[]\" \/><input type=\"hidden\" name=\"_wpcf7cf_visible_groups\" value=\"[]\" \/><input type=\"hidden\" name=\"_wpcf7cf_repeaters\" value=\"[]\" \/><input type=\"hidden\" name=\"_wpcf7cf_steps\" value=\"{}\" \/><input type=\"hidden\" name=\"_wpcf7cf_options\" value=\"{&quot;form_id&quot;:2517,&quot;conditions&quot;:[],&quot;settings&quot;:{&quot;animation&quot;:&quot;yes&quot;,&quot;animation_intime&quot;:200,&quot;animation_outtime&quot;:200,&quot;conditions_ui&quot;:&quot;normal&quot;,&quot;notice_dismissed&quot;:false,&quot;notice_dismissed_rollback-cf7-5.8.5&quot;:true}}\" \/>\n<\/fieldset>\n<div class=\"field-wrap\">\n\t<div class=\"form-field\">\n\t\t<p><label>Nimi*<\/label><br \/>\n<span class=\"wpcf7-form-control-wrap\" data-name=\"fname\"><input size=\"40\" maxlength=\"400\" class=\"wpcf7-form-control wpcf7-text wpcf7-validates-as-required\" aria-required=\"true\" aria-invalid=\"false\" placeholder=\"Nimi\" value=\"\" type=\"text\" name=\"fname\" \/><\/span>\n\t\t<\/p>\n\t<\/div>\n\t<div class=\"form-field\">\n\t\t<p><label>Email*<\/label><br \/>\n<span class=\"wpcf7-form-control-wrap\" data-name=\"femail\"><input size=\"40\" maxlength=\"400\" class=\"wpcf7-form-control wpcf7-email wpcf7-validates-as-required wpcf7-text wpcf7-validates-as-email\" aria-required=\"true\" aria-invalid=\"false\" placeholder=\"Email\" value=\"\" type=\"email\" name=\"femail\" \/><\/span>\n\t\t<\/p>\n\t<\/div>\n\t<div class=\"form-field\">\n\t\t<p><label>Teema*<\/label><br \/>\n<span class=\"wpcf7-form-control-wrap\" data-name=\"fsubject\"><input size=\"40\" maxlength=\"400\" class=\"wpcf7-form-control wpcf7-text wpcf7-validates-as-required\" aria-required=\"true\" aria-invalid=\"false\" placeholder=\"Teema\" value=\"\" type=\"text\" name=\"fsubject\" \/><\/span>\n\t\t<\/p>\n\t<\/div>\n<\/div>\n<div class=\"form-field textarea\">\n\t<p><label>Tagasiside<\/label><br \/>\n<span class=\"wpcf7-form-control-wrap\" data-name=\"fmessage\"><textarea cols=\"40\" rows=\"10\" maxlength=\"2000\" class=\"wpcf7-form-control wpcf7-textarea\" aria-invalid=\"false\" placeholder=\"Kirjuta siia...\" name=\"fmessage\"><\/textarea><\/span>\n\t<\/p>\n<\/div>\n<div class=\"submit\">\n\t<p><input class=\"wpcf7-form-control wpcf7-submit has-spinner\" type=\"submit\" value=\"Saada\" \/>\n\t<\/p>\n<\/div><div class=\"wpcf7-response-output\" aria-hidden=\"true\"><\/div>\n<\/form>\n<\/div>\n        <\/div>\n    <\/div>\n<\/div>                                                    <\/div>\n                                            <div id=\"tabs-4\" class=\"block-contact-tabs__el\">\n                                                            <div class=\"el-map\">\n        <\/div>\n\n                                                    <\/div>\n                    \n            <\/div>\n        <\/div>\n    ","protected":false},"excerpt":{"rendered":"","protected":false},"author":1,"featured_media":0,"parent":0,"menu_order":0,"comment_status":"closed","ping_status":"closed","template":"","meta":{"inline_featured_image":false,"footnotes":""},"class_list":["post-1730","page","type-page","status-publish","hentry"],"yoast_head":"<!-- This site is optimized with the Yoast SEO plugin v27.5 - https:\/\/yoast.com\/product\/yoast-seo-wordpress\/ -->\n<title>Kontakt - Vabamu<\/title>\n<meta name=\"robots\" content=\"index, follow, max-snippet:-1, max-image-preview:large, max-video-preview:-1\" \/>\n<link rel=\"canonical\" href=\"https:\/\/vabamu.ee\/ru\/kontakt\/\" \/>\n<meta property=\"og:locale\" content=\"ru_RU\" \/>\n<meta property=\"og:type\" content=\"article\" \/>\n<meta property=\"og:title\" content=\"Kontakt - Vabamu\" \/>\n<meta property=\"og:url\" content=\"https:\/\/vabamu.ee\/ru\/kontakt\/\" \/>\n<meta property=\"og:site_name\" content=\"Vabamu\" \/>\n<meta property=\"article:modified_time\" content=\"2026-02-02T09:23:44+00:00\" \/>\n<meta name=\"twitter:card\" content=\"summary_large_image\" \/>\n<script type=\"application\/ld+json\" class=\"yoast-schema-graph\">{\"@context\":\"https:\\\/\\\/schema.org\",\"@graph\":[{\"@type\":\"WebPage\",\"@id\":\"https:\\\/\\\/vabamu.ee\\\/ru\\\/kontakt\\\/\",\"url\":\"https:\\\/\\\/vabamu.ee\\\/ru\\\/kontakt\\\/\",\"name\":\"Kontakt - Vabamu\",\"isPartOf\":{\"@id\":\"https:\\\/\\\/vabamu.ee\\\/en\\\/#website\"},\"datePublished\":\"2023-01-26T13:23:17+00:00\",\"dateModified\":\"2026-02-02T09:23:44+00:00\",\"breadcrumb\":{\"@id\":\"https:\\\/\\\/vabamu.ee\\\/ru\\\/kontakt\\\/#breadcrumb\"},\"inLanguage\":\"ru-RU\",\"potentialAction\":[{\"@type\":\"ReadAction\",\"target\":[\"https:\\\/\\\/vabamu.ee\\\/ru\\\/kontakt\\\/\"]}]},{\"@type\":\"BreadcrumbList\",\"@id\":\"https:\\\/\\\/vabamu.ee\\\/ru\\\/kontakt\\\/#breadcrumb\",\"itemListElement\":[{\"@type\":\"ListItem\",\"position\":1,\"name\":\"Home\",\"item\":\"https:\\\/\\\/vabamu.ee\\\/ru\\\/home\\\/\"},{\"@type\":\"ListItem\",\"position\":2,\"name\":\"Kontakt\"}]},{\"@type\":\"WebSite\",\"@id\":\"https:\\\/\\\/vabamu.ee\\\/en\\\/#website\",\"url\":\"https:\\\/\\\/vabamu.ee\\\/en\\\/\",\"name\":\"Vabamu\",\"description\":\"Vabamu Website\",\"potentialAction\":[{\"@type\":\"SearchAction\",\"target\":{\"@type\":\"EntryPoint\",\"urlTemplate\":\"https:\\\/\\\/vabamu.ee\\\/en\\\/?s={search_term_string}\"},\"query-input\":{\"@type\":\"PropertyValueSpecification\",\"valueRequired\":true,\"valueName\":\"search_term_string\"}}],\"inLanguage\":\"ru-RU\"}]}<\/script>\n<!-- \/ Yoast SEO plugin. -->","yoast_head_json":{"title":"Kontakt - Vabamu","robots":{"index":"index","follow":"follow","max-snippet":"max-snippet:-1","max-image-preview":"max-image-preview:large","max-video-preview":"max-video-preview:-1"},"canonical":"https:\/\/vabamu.ee\/ru\/kontakt\/","og_locale":"ru_RU","og_type":"article","og_title":"Kontakt - Vabamu","og_url":"https:\/\/vabamu.ee\/ru\/kontakt\/","og_site_name":"Vabamu","article_modified_time":"2026-02-02T09:23:44+00:00","twitter_card":"summary_large_image","schema":{"@context":"https:\/\/schema.org","@graph":[{"@type":"WebPage","@id":"https:\/\/vabamu.ee\/ru\/kontakt\/","url":"https:\/\/vabamu.ee\/ru\/kontakt\/","name":"Kontakt - Vabamu","isPartOf":{"@id":"https:\/\/vabamu.ee\/en\/#website"},"datePublished":"2023-01-26T13:23:17+00:00","dateModified":"2026-02-02T09:23:44+00:00","breadcrumb":{"@id":"https:\/\/vabamu.ee\/ru\/kontakt\/#breadcrumb"},"inLanguage":"ru-RU","potentialAction":[{"@type":"ReadAction","target":["https:\/\/vabamu.ee\/ru\/kontakt\/"]}]},{"@type":"BreadcrumbList","@id":"https:\/\/vabamu.ee\/ru\/kontakt\/#breadcrumb","itemListElement":[{"@type":"ListItem","position":1,"name":"Home","item":"https:\/\/vabamu.ee\/ru\/home\/"},{"@type":"ListItem","position":2,"name":"Kontakt"}]},{"@type":"WebSite","@id":"https:\/\/vabamu.ee\/en\/#website","url":"https:\/\/vabamu.ee\/en\/","name":"Vabamu","description":"Vabamu Website","potentialAction":[{"@type":"SearchAction","target":{"@type":"EntryPoint","urlTemplate":"https:\/\/vabamu.ee\/en\/?s={search_term_string}"},"query-input":{"@type":"PropertyValueSpecification","valueRequired":true,"valueName":"search_term_string"}}],"inLanguage":"ru-RU"}]}},"acf":[],"_links":{"self":[{"href":"https:\/\/vabamu.ee\/ru\/wp-json\/wp\/v2\/pages\/1730","targetHints":{"allow":["GET"]}}],"collection":[{"href":"https:\/\/vabamu.ee\/ru\/wp-json\/wp\/v2\/pages"}],"about":[{"href":"https:\/\/vabamu.ee\/ru\/wp-json\/wp\/v2\/types\/page"}],"author":[{"embeddable":true,"href":"https:\/\/vabamu.ee\/ru\/wp-json\/wp\/v2\/users\/1"}],"replies":[{"embeddable":true,"href":"https:\/\/vabamu.ee\/ru\/wp-json\/wp\/v2\/comments?post=1730"}],"version-history":[{"count":0,"href":"https:\/\/vabamu.ee\/ru\/wp-json\/wp\/v2\/pages\/1730\/revisions"}],"wp:attachment":[{"href":"https:\/\/vabamu.ee\/ru\/wp-json\/wp\/v2\/media?parent=1730"}],"curies":[{"name":"wp","href":"https:\/\/api.w.org\/{rel}","templated":true}]}}