{"id":1713,"date":"2023-01-10T09:18:11","date_gmt":"2023-01-10T09:18:11","guid":{"rendered":"https:\/\/vabamu.ee\/home\/"},"modified":"2026-01-16T04:02:46","modified_gmt":"2026-01-16T04:02:46","slug":"home","status":"publish","type":"page","link":"https:\/\/vabamu.ee\/lv\/","title":{"rendered":"Esi sveicin\u0101ts!"},"content":{"rendered":"            <div class=\"block-exhibitions-inner-info b-bottom\">\n            <div class=\"wrap\">\n                                                <h2>\n                                            Esi sveicin\u0101ts!                                    <\/h2>\n                <div class=\"desc\">\n                                    <\/div>\n                <div class=\"thumb\">\n                                                                       <img loading=\"lazy\" decoding=\"async\" width=\"1280\" height=\"646\" src=\"https:\/\/vabamu.ee\/wp-content\/uploads\/2023\/04\/latvia-image.jpeg\" class=\"attachment-full size-full\" alt=\"\" srcset=\"https:\/\/vabamu.ee\/wp-content\/uploads\/2023\/04\/latvia-image.jpeg 1280w, https:\/\/vabamu.ee\/wp-content\/uploads\/2023\/04\/latvia-image-300x151.jpeg 300w, https:\/\/vabamu.ee\/wp-content\/uploads\/2023\/04\/latvia-image-1024x517.jpeg 1024w\" sizes=\"auto, (max-width: 1280px) 100vw, 1280px\" \/>                                                            <\/div>\n            <\/div>\n        <\/div>\n    \n\n            <div class=\"block-tabs top\">\n            <div class=\"wrap\">\n                <div id=\"tabs\" class=\"tabs\">\n                    <ul class=\"block-tabs__titles blue\">\n                                                                                    <li class=\"title\">\n                                    <a href=\"#tabs-0\">\n                                        Okup\u0101cijas un br\u012bv\u012bbas muzejs Vabamu                                    <\/a>\n                                <\/li>\n                                                                                                                <li class=\"title\">\n                                    <a href=\"#tabs-1\">\n                                        VDK ieslodz\u012bto kameras                                    <\/a>\n                                <\/li>\n                                                                        <\/ul>\n                    <div class=\"block-tabs__content\">\n                                                                                    <div id=\"tabs-0\" class=\"tab-content\">\n                                    <p>Vabamu atrodas Tallinas centr\u0101. \u0160eit var iepaz\u012bties ar Igaunijas neseno v\u0113sturi okup\u0101ciju un br\u012bv\u012bbas atjauno\u0161anas laik\u0101 un p\u0113c tam. \u0160aj\u0101 period\u0101 latvie\u0161u un igau\u0146u v\u0113stur\u0113 ir daudz l\u012bdz\u012bbu \u2013 izs\u016bt\u012b\u0161ana, b\u0113g\u0161ana no kara, represijas, neatkar\u012bbas atjauno\u0161ana utt. \u2013, t\u0101d\u0113\u013c vis\u0101 past\u0101v\u012bgaj\u0101 ekspoz\u012bcij\u0101 b\u016bs daudz br\u012b\u017eu, ko latvie\u0161u apmekl\u0113t\u0101ji atpaz\u012bs ar\u012b no savas v\u0113stures.<\/p>\n<p>Par neseno, ar okup\u0101cij\u0101m saist\u012bto v\u0113sturi, bie\u017ei run\u0101 dr\u016bm\u0101 noska\u0146\u0101. M\u0113s \u2013 Vabamu &#8211; to nedar\u0101m un visu ekspoz\u012bciju esam izveidoju\u0161i no cilv\u0113ku personiskajiem st\u0101stiem, kuros ietilpst viss \u2013 gan smagas, gan gai\u0161as atmi\u0146as. Ekspoz\u012bcija sniedz p\u0101rskatu par to, cik da\u017e\u0101di var\u0113ja izv\u0113rsties cilv\u0113ku likte\u0146i atkar\u012bb\u0101 no vi\u0146u izgl\u012bt\u012bbas, taut\u012bbas, \u0123imenes v\u0113stures vai attiec\u012bb\u0101m ar tuviniekiem. T\u0101 k\u0101 past\u0101v\u012bg\u0101 ekspoz\u012bcija beidzas ar st\u0101stu par k\u013c\u016b\u0161anu br\u012bviem, muzeja apmekl\u0113jums dr\u012bz\u0101k atst\u0101j gai\u0161u, lai ar\u012b \u013coti emocion\u0101lu pieredzi.<\/p>\n<p>K\u0101 rakstur\u012bgi digit\u0101lajai sabiedr\u012bbai, iepaz\u012bstin\u0101\u0161an\u0101 ar v\u0113sturi izmantojam daudz m\u016bsdien\u012bgu tehnolo\u0123iju. Muzeja apmekl\u0113jumu latvie\u0161u valod\u0101 vad\u012bs e-gids ar popul\u0101r\u0101 aktiera Riharda Lepera balsi, kas ar v\u0113sturi un past\u0101v\u012bgo ekspoz\u012bciju iepaz\u012bstin\u0101s \u012bpa\u0161\u0101 un aizkustino\u0161\u0101 veid\u0101. Netr\u016bks ar\u012b virtu\u0101l\u0101s realit\u0101tes risin\u0101jumu un ierakstu, kas visu ekspoz\u012bciju padar\u012bs dz\u012bvu un emocion\u0101lu.<\/p>\n<p>Pie mums ir gaid\u012bti ar\u012b b\u0113rni. \u0122imen\u0113m esam izveidoju\u0161i atsevi\u0161\u0137u e-gidu, kur\u0101 par neseno v\u0113sturi st\u0101st\u0101m b\u0113rniem piem\u0113rot\u0101 veid\u0101. Papildus e-gidam \u0123imenes izst\u0101des iepaz\u012b\u0161anas laik\u0101 vad\u012bs aktivit\u0101\u0161u lapa, kas pal\u012bdz\u0113s apspriest v\u0113sturi gan jaun\u0101kiem, gan vec\u0101kiem \u0123imenes locek\u013ciem.<\/p>\n<p><iframe loading=\"lazy\" title=\"Welcome to the Vabamu Museum! In Latvian.\" width=\"500\" height=\"281\" src=\"https:\/\/www.youtube.com\/embed\/dmopZJuOTGg?feature=oembed\" frameborder=\"0\" allow=\"accelerometer; autoplay; clipboard-write; encrypted-media; gyroscope; picture-in-picture; web-share\" referrerpolicy=\"strict-origin-when-cross-origin\" allowfullscreen><\/iframe><\/p>\n<h2>Darba laiks<\/h2>\n<p>No maija l\u012bdz septembrim. 10\u201318. Katru dienu.<br \/>\nNo oktobra l\u012bdz apr\u012blim. 11\u201318. Tre\u0161diena &#8211; sv\u0113tdiena.<\/p>\n<p><strong>Adrese<\/strong>: Toompea 8b, Tallina (<a href=\"https:\/\/www.google.com\/maps\/place\/Okupatsioonide+ja+vabaduse+muuseum+Vabamu\/@59.4325943,24.7372105,17z\/data=!4m5!3m4!1s0x4692949c40eeb375:0x811484f983a465fe!8m2!3d59.4325984!4d24.7395921\" target=\"_blank\" rel=\"noopener\">skaties kart\u0113<\/a>)<\/p>\n<h2>K\u0101 ierasties?<\/h2>\n<ul>\n<li>Ja ir br\u012bvas vietas, ma\u0161\u012bnas novieto\u0161ana muzeja septi\u0146viet\u012bgaj\u0101 st\u0101vviet\u0101 apmekl\u0113t\u0101jiem ir bez maksas l\u012bdz div\u0101m stund\u0101m. Lai novietotu auto bezmaksas viet\u0101, pirms tam j\u0101re\u0123istr\u0113jas bi\u013ce\u0161u kas\u0113. St\u0101vviet\u0101 var iek\u013c\u016bt no Toompea ielas.<\/li>\n<li>Inval\u012bdu st\u0101vvieta atrodas Toompea ielas mal\u0101 muzeja st\u0101vviet\u0101 un ir atbilsto\u0161i mar\u0137\u0113ta.<\/li>\n<li>Tuv\u0101k\u0101s autost\u0101vvietas ir Vabaduse laukuma daudzst\u0101vu autost\u0101vvieta un Kaarli autost\u0101vvieta. Autobusus var novietot st\u0101v\u0113\u0161anai Falgi tee mal\u0101 (apm. 250 m att\u0101lum\u0101 no muzeja).<\/li>\n<\/ul>\n                                <\/div>\n                                                                                                                <div id=\"tabs-1\" class=\"tab-content\">\n                                    <p><img loading=\"lazy\" decoding=\"async\" class=\"alignnone size-full wp-image-2580\" src=\"https:\/\/vabamu.ee\/wp-content\/uploads\/2023\/04\/KGB.jpeg\" alt=\"\" width=\"480\" height=\"320\" srcset=\"https:\/\/vabamu.ee\/wp-content\/uploads\/2023\/04\/KGB.jpeg 480w, https:\/\/vabamu.ee\/wp-content\/uploads\/2023\/04\/KGB-300x200.jpeg 300w\" sizes=\"auto, (max-width: 480px) 100vw, 480px\" \/><\/p>\n<p><span data-contrast=\"auto\">Muzeja Vabamu fili\u0101l\u0113 \u2014 <\/span><b><span data-contrast=\"auto\">VDK ieslodz\u012bto kamer\u0101s<\/span><\/b><span data-contrast=\"auto\"> uz Pagari ielas \u2014 ir atv\u0113rta past\u0101v\u012bg\u0101 izst\u0101de \u201cAiz sl\u0113dzenes: KGB un Igaunija\u201d. Izst\u0101de st\u0101sta par NKVD un t\u0101 p\u0113cteces KGB ne\u017e\u0113l\u012bbu un par to cilv\u0113ku cie\u0161an\u0101m, kuri \u0161aj\u0101 \u0113k\u0101 tika ieslodz\u012bti, sp\u012bdzin\u0101ti un nogalin\u0101ti. Pirmk\u0101rt, \u0161\u012bs telpas kalpo k\u0101 piemi\u0146as vieta \u0161iem cilv\u0113kiem. Vienlaikus izst\u0101de run\u0101 ar\u012b par Pagari iel\u0101 aiztur\u0113to cilv\u0113ku drosmi un iztur\u012bbu, cer\u012bbu, neatlaid\u012bbu un vienot\u012bbu.<\/span><span data-ccp-props=\"{&quot;134233117&quot;:false,&quot;134233118&quot;:false,&quot;335551550&quot;:0,&quot;335551620&quot;:0,&quot;335559738&quot;:240,&quot;335559739&quot;:240}\">\u00a0<\/span><\/p>\n<p><span data-contrast=\"auto\">Izst\u0101de iepaz\u012bstina ar Pagari ielas \u0113kas lomu k\u0101 pirmstiesas apcietin\u0101juma cietumu pla\u0161aj\u0101 KGB terora t\u012bkl\u0101 vis\u0101 Padomju Savien\u012bb\u0101, sniedz izpratni par pa\u0161u organiz\u0101ciju un metod\u0113m, kuras tika izmantotas, lai cilv\u0113kus noties\u0101tu. T\u0101pat izst\u0101de v\u0113sta par politiskajiem ieslodz\u012btajiem Pagari kamer\u0101s, vi\u0146u atmi\u0146\u0101m par dien\u0101m un m\u0113ne\u0161iem mitraj\u0101s \u0161\u016bn\u0101s, nakts pratin\u0101\u0161an\u0101m un p\u0101rve\u0161an\u0101m starp Pagari ielas cietumu un Patarei centr\u0101lcietumu, k\u0101 ar\u012b par to, k\u0101 \u0161ie cilv\u0113ki izdz\u012bvoja necilv\u0113c\u012bgos apst\u0101k\u013cos un saglab\u0101ja gribu dz\u012bvot.<\/span><span data-ccp-props=\"{&quot;134233117&quot;:false,&quot;134233118&quot;:false,&quot;335551550&quot;:0,&quot;335551620&quot;:0,&quot;335559738&quot;:240,&quot;335559739&quot;:240}\">\u00a0<\/span><\/p>\n<p><b><span data-contrast=\"auto\">Izst\u0101des autori:<\/span><\/b><span data-ccp-props=\"{&quot;134233117&quot;:false,&quot;134233118&quot;:false,&quot;335551550&quot;:0,&quot;335551620&quot;:0,&quot;335559738&quot;:240,&quot;335559739&quot;:240}\">\u00a0<\/span><\/p>\n<p><span data-contrast=\"auto\">Kurators un projekta vad\u012bt\u0101js: Martins Vaino<\/span><br \/>\n<span data-contrast=\"auto\"> Kurators: Andreass Kalkuns<\/span><br \/>\n<span data-contrast=\"auto\"> Dizains: b210 (Karina T\u016bgu, Kairi Mendla, Triina Vaino)<\/span><br \/>\n<span data-contrast=\"auto\"> Grafiskais dizains: Robi J\u0113lehts, K\u0101rels Nommiks<\/span><br \/>\n<span data-contrast=\"auto\"> Instal\u0101cija: Valge Kuup<\/span><span data-ccp-props=\"{&quot;134233117&quot;:false,&quot;134233118&quot;:false,&quot;335551550&quot;:0,&quot;335551620&quot;:0,&quot;335559738&quot;:240,&quot;335559739&quot;:240}\">\u00a0<\/span><\/p>\n<h2>Darba laiks<\/h2>\n<p>No maija l\u012bdz septembrim. 10\u201318. Katru dienu.<br \/>\nNo oktobra l\u012bdz apr\u012blim. 11\u201318. Tre\u0161diena &#8211; sv\u0113tdiena.<\/p>\n<p>Adrese: Pagari 1, Tallina (<a href=\"https:\/\/www.google.com\/maps\/place\/KGB+vangikongid\/@59.4405392,24.7451749,17z\/data=!4m5!3m4!1s0x469293639a648c99:0x8e0ac056ede7497!8m2!3d59.4405392!4d24.7473636?shorturl=1\">skaties kart\u0113<\/a>)<\/p>\n<h2>K\u0101 ierasties?<\/h2>\n<ul>\n<li>Vecpils\u0113t\u0101 autost\u0101vvietas visu diennakti ir par maksu, bezmaksas autost\u0101vvieta ir Kalamaja, aptuveni 15 min\u016b\u0161u pastaigas att\u0101lum\u0101 no muzeja.<\/li>\n<li>Uz VDK ieslodz\u012bto kamer\u0101m iesak\u0101m doties k\u0101j\u0101m cauri skaistajai vecpils\u0113tai.<\/li>\n<\/ul>\n                                <\/div>\n                                                                        <\/div>\n                <\/div>\n            <\/div>\n        <\/div>\n    \n\n            <div class=\"block-tickets anim\">\n            <div class=\"wrap\">\n                                    <h2>Inform\u0101cija par Vabamu un VDK ieslodz\u012bto kameru bi\u013cet\u0113m<\/h2>\n                                <div class=\"block-tickets__items\">\n                                            <div class=\"item\">\n\n                                <div class=\"time\">\n                                    Tr\u2013Sv 11:00 \u2013 18:00                                <\/div>\n                            <h3>\n                                Vabamu                            <\/h3>\n                            <div class=\"sub-title\">\n                                Ir pieejams rati\u0146kr\u0113sls                            <\/div>\n                                                            <div class=\"elements\">\n                                                                            <div class=\"el\">\n                                                                                            <div class=\"el-title\">\n                                                    Bi\u013cete                                                <\/div>\n                                                                                                                                        <div class=\"el-price\">\n                                                    15 \u20ac                                                <\/div>\n                                                                                    <\/div>\n                                                                            <div class=\"el\">\n                                                                                            <div class=\"el-title\">\n                                                    Bi\u013cete ar atlaidi*                                                <\/div>\n                                                                                                                                        <div class=\"el-price\">\n                                                    10 \u20ac                                                <\/div>\n                                                                                    <\/div>\n                                                                            <div class=\"el\">\n                                                                                            <div class=\"el-title\">\n                                                    \u0122imenes bi\u013cete**                                                <\/div>\n                                                                                                                                        <div class=\"el-price\">\n                                                    30 \u20ac                                                <\/div>\n                                                                                    <\/div>\n                                                                    <\/div>\n                                                    <\/div>\n                                            <div class=\"item\">\n\n                                <div class=\"time\">\n                                    Tr\u2013Sv 11:00\u201318:00                                <\/div>\n                            <h3>\n                                VDK ieslodz\u012bto kameras                            <\/h3>\n                            <div class=\"sub-title\">\n                                                            <\/div>\n                                                            <div class=\"elements\">\n                                                                            <div class=\"el\">\n                                                                                            <div class=\"el-title\">\n                                                    Bi\u013cete                                                <\/div>\n                                                                                                                                        <div class=\"el-price\">\n                                                    10 \u20ac                                                <\/div>\n                                                                                    <\/div>\n                                                                            <div class=\"el\">\n                                                                                            <div class=\"el-title\">\n                                                    Bi\u013cete ar atlaidi*                                                <\/div>\n                                                                                                                                        <div class=\"el-price\">\n                                                    8 \u20ac                                                <\/div>\n                                                                                    <\/div>\n                                                                            <div class=\"el\">\n                                                                                            <div class=\"el-title\">\n                                                    \u0122imenes bi\u013cete**                                                <\/div>\n                                                                                                                                        <div class=\"el-price\">\n                                                    20 \u20ac                                                <\/div>\n                                                                                    <\/div>\n                                                                    <\/div>\n                                                    <\/div>\n                                            <div class=\"item\">\n\n                                <div class=\"time\">\n                                                                    <\/div>\n                            <h3>\n                                Vabamu un VDK ieslodz\u012bto kameru kop\u012bgais apmekl\u0113jums                            <\/h3>\n                            <div class=\"sub-title\">\n                                                            <\/div>\n                                                            <div class=\"elements\">\n                                                                            <div class=\"el\">\n                                                                                            <div class=\"el-title\">\n                                                    Bi\u013cete                                                <\/div>\n                                                                                                                                        <div class=\"el-price\">\n                                                    22 \u20ac                                                <\/div>\n                                                                                    <\/div>\n                                                                            <div class=\"el\">\n                                                                                            <div class=\"el-title\">\n                                                    Bi\u013cete ar atlaidi*                                                <\/div>\n                                                                                                                                        <div class=\"el-price\">\n                                                    15 \u20ac                                                <\/div>\n                                                                                    <\/div>\n                                                                            <div class=\"el\">\n                                                                                            <div class=\"el-title\">\n                                                    \u0122imenes bi\u013cete**                                                <\/div>\n                                                                                                                                        <div class=\"el-price\">\n                                                    44 \u20ac                                                <\/div>\n                                                                                    <\/div>\n                                                                    <\/div>\n                                                    <\/div>\n                                    <\/div>\n            <\/div>\n        <\/div>\n    \n\n            <div class=\"block-post-content\">\n            <div class=\"wrap\">\n                <p>* Pension\u0101ri, studenti, skol\u0113ni, ISIC un IYTC kar\u0161u \u012bpa\u0161nieki <br \/>** (Vec)vec\u0101ki ar nepilngad\u012bgiem b\u0113rniem<\/p>\n<h2>Gaid\u0101m Tevi!<\/h2>\n            <\/div>\n        <\/div>\n    ","protected":false},"excerpt":{"rendered":"","protected":false},"author":1,"featured_media":0,"parent":0,"menu_order":0,"comment_status":"closed","ping_status":"closed","template":"","meta":{"inline_featured_image":false,"footnotes":""},"class_list":["post-1713","page","type-page","status-publish","hentry"],"yoast_head":"<!-- This site is optimized with the Yoast SEO plugin v27.3 - https:\/\/yoast.com\/product\/yoast-seo-wordpress\/ -->\n<title>Esi sveicin\u0101ts! - Vabamu<\/title>\n<meta name=\"robots\" content=\"index, follow, max-snippet:-1, max-image-preview:large, max-video-preview:-1\" \/>\n<link rel=\"canonical\" href=\"https:\/\/vabamu.ee\/lv\/home\/\" \/>\n<meta property=\"og:locale\" content=\"lv_LV\" \/>\n<meta property=\"og:type\" content=\"article\" \/>\n<meta property=\"og:title\" content=\"Esi sveicin\u0101ts! - Vabamu\" \/>\n<meta property=\"og:url\" content=\"https:\/\/vabamu.ee\/lv\/home\/\" \/>\n<meta property=\"og:site_name\" content=\"Vabamu\" \/>\n<meta property=\"article:modified_time\" content=\"2026-01-16T04:02:46+00:00\" \/>\n<meta name=\"twitter:card\" content=\"summary_large_image\" \/>\n<script type=\"application\/ld+json\" class=\"yoast-schema-graph\">{\"@context\":\"https:\\\/\\\/schema.org\",\"@graph\":[{\"@type\":\"WebPage\",\"@id\":\"https:\\\/\\\/vabamu.ee\\\/lv\\\/home\\\/\",\"url\":\"https:\\\/\\\/vabamu.ee\\\/lv\\\/home\\\/\",\"name\":\"Esi sveicin\u0101ts! - Vabamu\",\"isPartOf\":{\"@id\":\"https:\\\/\\\/vabamu.ee\\\/en\\\/#website\"},\"datePublished\":\"2023-01-10T09:18:11+00:00\",\"dateModified\":\"2026-01-16T04:02:46+00:00\",\"breadcrumb\":{\"@id\":\"https:\\\/\\\/vabamu.ee\\\/lv\\\/home\\\/#breadcrumb\"},\"inLanguage\":\"lv-LV\",\"potentialAction\":[{\"@type\":\"ReadAction\",\"target\":[\"https:\\\/\\\/vabamu.ee\\\/lv\\\/home\\\/\"]}]},{\"@type\":\"BreadcrumbList\",\"@id\":\"https:\\\/\\\/vabamu.ee\\\/lv\\\/home\\\/#breadcrumb\",\"itemListElement\":[{\"@type\":\"ListItem\",\"position\":1,\"name\":\"Home\",\"item\":\"https:\\\/\\\/vabamu.ee\\\/lv\\\/home\\\/\"},{\"@type\":\"ListItem\",\"position\":2,\"name\":\"Esi sveicin\u0101ts!\"}]},{\"@type\":\"WebSite\",\"@id\":\"https:\\\/\\\/vabamu.ee\\\/en\\\/#website\",\"url\":\"https:\\\/\\\/vabamu.ee\\\/en\\\/\",\"name\":\"Vabamu\",\"description\":\"Vabamu Website\",\"potentialAction\":[{\"@type\":\"SearchAction\",\"target\":{\"@type\":\"EntryPoint\",\"urlTemplate\":\"https:\\\/\\\/vabamu.ee\\\/en\\\/?s={search_term_string}\"},\"query-input\":{\"@type\":\"PropertyValueSpecification\",\"valueRequired\":true,\"valueName\":\"search_term_string\"}}],\"inLanguage\":\"lv-LV\"}]}<\/script>\n<!-- \/ Yoast SEO plugin. -->","yoast_head_json":{"title":"Esi sveicin\u0101ts! - Vabamu","robots":{"index":"index","follow":"follow","max-snippet":"max-snippet:-1","max-image-preview":"max-image-preview:large","max-video-preview":"max-video-preview:-1"},"canonical":"https:\/\/vabamu.ee\/lv\/home\/","og_locale":"lv_LV","og_type":"article","og_title":"Esi sveicin\u0101ts! - Vabamu","og_url":"https:\/\/vabamu.ee\/lv\/home\/","og_site_name":"Vabamu","article_modified_time":"2026-01-16T04:02:46+00:00","twitter_card":"summary_large_image","schema":{"@context":"https:\/\/schema.org","@graph":[{"@type":"WebPage","@id":"https:\/\/vabamu.ee\/lv\/home\/","url":"https:\/\/vabamu.ee\/lv\/home\/","name":"Esi sveicin\u0101ts! - Vabamu","isPartOf":{"@id":"https:\/\/vabamu.ee\/en\/#website"},"datePublished":"2023-01-10T09:18:11+00:00","dateModified":"2026-01-16T04:02:46+00:00","breadcrumb":{"@id":"https:\/\/vabamu.ee\/lv\/home\/#breadcrumb"},"inLanguage":"lv-LV","potentialAction":[{"@type":"ReadAction","target":["https:\/\/vabamu.ee\/lv\/home\/"]}]},{"@type":"BreadcrumbList","@id":"https:\/\/vabamu.ee\/lv\/home\/#breadcrumb","itemListElement":[{"@type":"ListItem","position":1,"name":"Home","item":"https:\/\/vabamu.ee\/lv\/home\/"},{"@type":"ListItem","position":2,"name":"Esi sveicin\u0101ts!"}]},{"@type":"WebSite","@id":"https:\/\/vabamu.ee\/en\/#website","url":"https:\/\/vabamu.ee\/en\/","name":"Vabamu","description":"Vabamu Website","potentialAction":[{"@type":"SearchAction","target":{"@type":"EntryPoint","urlTemplate":"https:\/\/vabamu.ee\/en\/?s={search_term_string}"},"query-input":{"@type":"PropertyValueSpecification","valueRequired":true,"valueName":"search_term_string"}}],"inLanguage":"lv-LV"}]}},"acf":[],"_links":{"self":[{"href":"https:\/\/vabamu.ee\/lv\/wp-json\/wp\/v2\/pages\/1713","targetHints":{"allow":["GET"]}}],"collection":[{"href":"https:\/\/vabamu.ee\/lv\/wp-json\/wp\/v2\/pages"}],"about":[{"href":"https:\/\/vabamu.ee\/lv\/wp-json\/wp\/v2\/types\/page"}],"author":[{"embeddable":true,"href":"https:\/\/vabamu.ee\/lv\/wp-json\/wp\/v2\/users\/1"}],"replies":[{"embeddable":true,"href":"https:\/\/vabamu.ee\/lv\/wp-json\/wp\/v2\/comments?post=1713"}],"version-history":[{"count":0,"href":"https:\/\/vabamu.ee\/lv\/wp-json\/wp\/v2\/pages\/1713\/revisions"}],"wp:attachment":[{"href":"https:\/\/vabamu.ee\/lv\/wp-json\/wp\/v2\/media?parent=1713"}],"curies":[{"name":"wp","href":"https:\/\/api.w.org\/{rel}","templated":true}]}}