{"id":1714,"date":"2023-01-10T09:18:11","date_gmt":"2023-01-10T09:18:11","guid":{"rendered":"https:\/\/vabamu.ee\/home\/"},"modified":"2026-01-16T04:02:46","modified_gmt":"2026-01-16T04:02:46","slug":"home","status":"publish","type":"page","link":"https:\/\/vabamu.ee\/lt\/","title":{"rendered":"Sveiki atvyk\u0119!"},"content":{"rendered":"            <div class=\"block-exhibitions-inner-info b-bottom\">\n            <div class=\"wrap\">\n                                                <h2>\n                                            Sveiki atvyk\u0119!                                    <\/h2>\n                <div class=\"desc\">\n                                    <\/div>\n                <div class=\"thumb\">\n                                                                       <img loading=\"lazy\" decoding=\"async\" width=\"1280\" height=\"646\" src=\"https:\/\/vabamu.ee\/wp-content\/uploads\/2023\/04\/latvia-image.jpeg\" class=\"attachment-full size-full\" alt=\"\" srcset=\"https:\/\/vabamu.ee\/wp-content\/uploads\/2023\/04\/latvia-image.jpeg 1280w, https:\/\/vabamu.ee\/wp-content\/uploads\/2023\/04\/latvia-image-300x151.jpeg 300w, https:\/\/vabamu.ee\/wp-content\/uploads\/2023\/04\/latvia-image-1024x517.jpeg 1024w\" sizes=\"auto, (max-width: 1280px) 100vw, 1280px\" \/>                                                            <\/div>\n            <\/div>\n        <\/div>\n    \n\n            <div class=\"block-tabs top\">\n            <div class=\"wrap\">\n                <div id=\"tabs\" class=\"tabs\">\n                    <ul class=\"block-tabs__titles blue\">\n                                                                                    <li class=\"title\">\n                                    <a href=\"#tabs-0\">\n                                        Okupacij\u0173 ir laisv\u0117s muziejus \u201eVabamu\u201c                                    <\/a>\n                                <\/li>\n                                                                                                                <li class=\"title\">\n                                    <a href=\"#tabs-1\">\n                                        KGB po\u017eemiai                                    <\/a>\n                                <\/li>\n                                                                        <\/ul>\n                    <div class=\"block-tabs__content\">\n                                                                                    <div id=\"tabs-0\" class=\"tab-content\">\n                                    <p>\u201eVabamu\u201c \u012fsik\u016br\u0119s pa\u010diame Talino centre. \u010cia galite susipa\u017einti su naujausia Estijos istorija okupacij\u0173 metais, atgavus laisv\u0119 ir v\u0117lesniais laikais. \u0160io laikotarpio lietuvi\u0173 ir est\u0173 istorija gana pana\u0161i \u2013 tr\u0117mimai, b\u0117gimas nuo karo, represijos, nepriklausomyb\u0117s atk\u016brimas ir kt., tod\u0117l Lietuvos lankytojams bus atpa\u017e\u012fstama visa nuolatin\u0117 ekspozicija.<\/p>\n<p>Naujausia okupacij\u0173 istorija da\u017enai pasakojama ni\u016briai. M\u016bs\u0173 \u201eVabamus\u201c taip n\u0117ra, nes \u017emoni\u0173 asmenini\u0173 istorij\u0173 ekspozicijoje telpa viskas \u2013 ir sunk\u016bs, ir \u0161vies\u016bs prisiminimai. Visa ekspozicija pasakoja, kaip susiklost\u0117 skirting\u0173 \u017emoni\u0173 likimai, atsi\u017evelgiant \u012f j\u0173 i\u0161silavinim\u0105, tautyb\u0119, kilm\u0119 ar ry\u0161ius su artimaisiais. Kadangi nuolatin\u0117 ekspozicija baigiasi pasakojimu apie laisv\u0117s atgavim\u0105, apsilankymas muziejuje palieka ry\u0161k\u0173, bet kartu ir labai emocing\u0105 \u012fsp\u016bd\u012f.<\/p>\n<p>Skaitmenin\u0117s visuomen\u0117s laikais nat\u016bralu, kad istorij\u0105 pristatome pasitelkdami daugyb\u0119 \u0161iuolaikini\u0173 technologij\u0173. Po muziej\u0173 galite vaik\u0161\u010dioti su populiaraus lietuvi\u0173 keliautojo <strong>Martyno Starkaus<\/strong> \u012fra\u0161ytu e. gidu, kuris gyvai ir patraukliai pristato m\u016bs\u0173 istorij\u0105 ir nuolatin\u0119 ekspozicij\u0105. \u010cia netr\u016bksta virtualios realyb\u0117s sprendim\u0173 ir gars\u0173, visai ekspozicijai suteikian\u010di\u0173 gyvumo ir emocingumo.<\/p>\n<p>Laukiame apsilankant ir vaik\u0173. Suk\u016br\u0117me atskir\u0105 e. gid\u0105 \u0161eimoms, kuris naujausi\u0105 istorij\u0105 pasakoja vaikams suprantama kalba. Be e. gido, \u0161eimos gauna veiklos lapus, kurie padeda tiek jaunesniems, tiek vyresniems \u017emon\u0117ms geriau suprasti istorij\u0105.<\/p>\n<p><iframe loading=\"lazy\" title=\"Welcome to the Vabamu Museum! In Latvian.\" width=\"500\" height=\"281\" src=\"https:\/\/www.youtube.com\/embed\/dmopZJuOTGg?feature=oembed\" frameborder=\"0\" allow=\"accelerometer; autoplay; clipboard-write; encrypted-media; gyroscope; picture-in-picture; web-share\" referrerpolicy=\"strict-origin-when-cross-origin\" allowfullscreen><\/iframe><\/p>\n<h2>\u201eVabamu\u201c darbo laikas:<\/h2>\n<p>Vasara. <span class=\"Y2IQFc\" lang=\"lt\">Nuo gegu\u017e\u0117s iki rugs\u0117jo. <\/span>10\u201318 val. K<span class=\"Y2IQFc\" lang=\"lt\">iekvien\u0105 dien\u0105.<\/span><\/p>\n<p>\u017diem\u0105. <span class=\"Y2IQFc\" lang=\"lt\">Nuo spalio iki baland\u017eio m\u0117n. <\/span>11\u201318 val. Tre\u010diadienis \u2013 sekmadienis.<\/p>\n<p>Adresas: Toompea 8b, Talinas (<a href=\"https:\/\/www.google.com\/maps\/place\/Okupatsioonide+ja+vabaduse+muuseum+Vabamu\/@59.4325943,24.7372105,17z\/data=!4m5!3m4!1s0x4692949c40eeb375:0x811484f983a465fe!8m2!3d59.4325984!4d24.7395921\" target=\"_blank\" rel=\"noopener\">\u017er. \u017eem\u0117lapyje<\/a>)<\/p>\n<h2>Kaip atvykti?<\/h2>\n<ul>\n<li>Vieta muziejaus 7 viet\u0173 automobili\u0173 stov\u0117jimo aik\u0161tel\u0117je, jei joje yra viet\u0173, lankytojams nemokama iki dviej\u0173 valand\u0173. U\u017esiregistravus biliet\u0173 kasoje, mok\u0117ti u\u017e parkavim\u0105 nereikia. \u012e automobili\u0173 stov\u0117jimo aik\u0161tel\u0119 \u012fva\u017eiuosite i\u0161 Toompea gatv\u0117s.<\/li>\n<li>Ne\u012fgali\u0173j\u0173 automobili\u0173 stov\u0117jimo aik\u0161tel\u0117 yra prie Toompea gatv\u0117s, ji yra pa\u017eym\u0117ta.<\/li>\n<li>Artimiausios automobili\u0173 stov\u0117jimo aik\u0161tel\u0117s yra Vabaduse aik\u0161t\u0117s ir Kaarli parkingai. Autobusus galima statyti palei Falgi keli\u0105 (apie 250 m nuo muziejaus)<\/li>\n<\/ul>\n                                <\/div>\n                                                                                                                <div id=\"tabs-1\" class=\"tab-content\">\n                                    <p><img loading=\"lazy\" decoding=\"async\" class=\"alignnone size-full wp-image-2580\" src=\"https:\/\/vabamu.ee\/wp-content\/uploads\/2023\/04\/KGB.jpeg\" alt=\"\" width=\"480\" height=\"320\" srcset=\"https:\/\/vabamu.ee\/wp-content\/uploads\/2023\/04\/KGB.jpeg 480w, https:\/\/vabamu.ee\/wp-content\/uploads\/2023\/04\/KGB-300x200.jpeg 300w\" sizes=\"auto, (max-width: 480px) 100vw, 480px\" \/><\/p>\n<p><span data-contrast=\"auto\">Vabamu muziejaus filiale \u2013 KGB kal\u0117jimo kamerose Pagario gatv\u0117je \u2013 veikia nuolatin\u0117 paroda \u201eU\u017erakintos istorijos: KGB ir Estija\u201c. Parodoje pasakojama apie NKVD ir jo \u012fp\u0117dinio KGB \u017eiaurum\u0105 bei apie \u017emoni\u0173 kan\u010dias, kuriuos \u0161iame pastate kalino, kankino ir \u017eud\u0117. Vis\u0173 pirma, \u0161ios patalpos yra paminklas tiems \u017emon\u0117ms. Ta\u010diau parodoje kalbama ir apie Pagario gatv\u0117je sulaikyt\u0173 \u017emoni\u0173 dr\u0105s\u0105, stipryb\u0119, vilt\u012f, i\u0161tverm\u0119 ir vienyb\u0119.<\/span><span data-ccp-props=\"{&quot;134233117&quot;:false,&quot;134233118&quot;:false,&quot;335551550&quot;:0,&quot;335551620&quot;:0,&quot;335559738&quot;:240,&quot;335559739&quot;:240}\">\u00a0<\/span><\/p>\n<p><span data-contrast=\"auto\">Parodoje atskleid\u017eiamas Pagario gatv\u0117s pastato vaidmuo kaip tardymo izoliatoriaus visame Soviet\u0173 S\u0105jungos KGB teroro tinkle, lankytojams pristatoma KGB organizacijos esm\u0117 ir priemon\u0117s, kuriomis \u017emon\u0117s buvo priversti prisipa\u017einti kalt\u0119. Taip pat parodoje pasakojamos politini\u0173 kalini\u0173 istorijos: prisiminimai apie dienas ir m\u0117nesius dr\u0117gnose kamerose, naktinius tardymus, keliones tarp Pagario tardymo izoliatoriaus ir Patarei centrinio kal\u0117jimo, bei apie tai, kaip \u017emon\u0117s i\u0161tv\u0117r\u0117 ne\u017emoni\u0161komis s\u0105lygomis ir i\u0161laik\u0117 nor\u0105 gyventi.<\/span><span data-ccp-props=\"{&quot;134233117&quot;:false,&quot;134233118&quot;:false,&quot;335551550&quot;:0,&quot;335551620&quot;:0,&quot;335559738&quot;:240,&quot;335559739&quot;:240}\">\u00a0<\/span><\/p>\n<p><b><span data-contrast=\"auto\">Parodos k\u016br\u0117jai:<\/span><\/b><span data-ccp-props=\"{&quot;134233117&quot;:false,&quot;134233118&quot;:false,&quot;335551550&quot;:0,&quot;335551620&quot;:0,&quot;335559738&quot;:240,&quot;335559739&quot;:240}\">\u00a0<\/span><\/p>\n<p><span data-contrast=\"auto\">Kuratorius ir projekto vadovas: Martinas Vainas<\/span><br \/>\n<span data-contrast=\"auto\"> Kuratorius: Andreasas Kalk\u016bnas<\/span><br \/>\n<span data-contrast=\"auto\"> Dizainas: b210 (Karina Togu, Kairi Mendla, Triina Vainu)<\/span><br \/>\n<span data-contrast=\"auto\"> Grafinis dizainas: Robis J\u0117lehtas, Karelis Nommikas<\/span><br \/>\n<span data-contrast=\"auto\"> Instaliacija: Valge Kuup<\/span><span data-ccp-props=\"{&quot;134233117&quot;:false,&quot;134233118&quot;:false,&quot;335551550&quot;:0,&quot;335551620&quot;:0,&quot;335559738&quot;:240,&quot;335559739&quot;:240}\">\u00a0<\/span><\/p>\n<h2>KGB po\u017eemiai darbo laikas:<\/h2>\n<p>Vasara. <span class=\"Y2IQFc\" lang=\"lt\">Nuo gegu\u017e\u0117s iki rugs\u0117jo. <\/span>10\u201318 val. K<span class=\"Y2IQFc\" lang=\"lt\">iekvien\u0105 dien\u0105.<\/span><br \/>\n\u017diem\u0105. <span class=\"Y2IQFc\" lang=\"lt\">Nuo spalio iki baland\u017eio m\u0117n. <\/span>11\u201318 val. Tre\u010diadienis \u2013 sekmadienis.<\/p>\n<p>Adresas: Pagari 1, Talinas (<a href=\"https:\/\/www.google.com\/maps\/place\/KGB+vangikongid\/@59.4405392,24.7451749,17z\/data=!3m1!4b1!4m5!3m4!1s0x469293639a648c99:0x8e0ac056ede7497!8m2!3d59.4405392!4d24.7473636?shorturl=1\" target=\"_blank\" rel=\"noopener\">\u017er. \u017eem\u0117lapyje<\/a>)<\/p>\n<h2>Kaip atvykti?<\/h2>\n<ul>\n<li>Senamiestyje automobili\u0173 parkavimas mokamas vis\u0105 par\u0105, o nemokama automobili\u0173 stov\u0117jimo aik\u0161tel\u0117 yra \u201eKalamajja\u201c, ta\u010diau ji yra ma\u017edaug 15 minu\u010di\u0173 p\u0117s\u010diomis nuo muziejaus.<\/li>\n<li>\u012e KGB po\u017eemius rekomenduojame ateiti p\u0117s\u010diomis per gra\u017e\u0173 m\u016bs\u0173 senamiest\u012f.<\/li>\n<\/ul>\n                                <\/div>\n                                                                        <\/div>\n                <\/div>\n            <\/div>\n        <\/div>\n    \n\n            <div class=\"block-tickets anim\">\n            <div class=\"wrap\">\n                                    <h2>\u201eVabamu\u201c ir KGB po\u017eemi\u0173 bilietai<\/h2>\n                                <div class=\"block-tickets__items\">\n                                            <div class=\"item\">\n\n                                <div class=\"time\">\n                                    Tr\u2013Sk 11:00 \u2013 18:00                                <\/div>\n                            <h3>\n                                \u201eVabamu\u201c                            <\/h3>\n                            <div class=\"sub-title\">\n                                Yra ve\u017eim\u0117lis                            <\/div>\n                                                            <div class=\"elements\">\n                                                                            <div class=\"el\">\n                                                                                            <div class=\"el-title\">\n                                                    Bilietas                                                <\/div>\n                                                                                                                                        <div class=\"el-price\">\n                                                    15 \u20ac                                                <\/div>\n                                                                                    <\/div>\n                                                                            <div class=\"el\">\n                                                                                            <div class=\"el-title\">\n                                                    Bilietas su nuolaida*                                                <\/div>\n                                                                                                                                        <div class=\"el-price\">\n                                                    10 \u20ac                                                <\/div>\n                                                                                    <\/div>\n                                                                            <div class=\"el\">\n                                                                                            <div class=\"el-title\">\n                                                    \u0160eimos bilietas**                                                <\/div>\n                                                                                                                                        <div class=\"el-price\">\n                                                    30 \u20ac                                                <\/div>\n                                                                                    <\/div>\n                                                                    <\/div>\n                                                    <\/div>\n                                            <div class=\"item\">\n\n                                <div class=\"time\">\n                                    Tr\u2013Sk 11:00\u201318:00                                <\/div>\n                            <h3>\n                                KGB po\u017eemiai                            <\/h3>\n                            <div class=\"sub-title\">\n                                                            <\/div>\n                                                            <div class=\"elements\">\n                                                                            <div class=\"el\">\n                                                                                            <div class=\"el-title\">\n                                                    Bilietas                                                <\/div>\n                                                                                                                                        <div class=\"el-price\">\n                                                    10 \u20ac                                                <\/div>\n                                                                                    <\/div>\n                                                                            <div class=\"el\">\n                                                                                            <div class=\"el-title\">\n                                                    Bilietas su nuolaida*                                                <\/div>\n                                                                                                                                        <div class=\"el-price\">\n                                                    8 \u20ac                                                <\/div>\n                                                                                    <\/div>\n                                                                            <div class=\"el\">\n                                                                                            <div class=\"el-title\">\n                                                    \u0160eimos bilietas**                                                <\/div>\n                                                                                                                                        <div class=\"el-price\">\n                                                    20 \u20ac                                                <\/div>\n                                                                                    <\/div>\n                                                                    <\/div>\n                                                    <\/div>\n                                            <div class=\"item\">\n\n                                <div class=\"time\">\n                                                                    <\/div>\n                            <h3>\n                                Bendras \u201eVabamu\u201c ir KGB po\u017eemi\u0173 bilietas                            <\/h3>\n                            <div class=\"sub-title\">\n                                                            <\/div>\n                                                            <div class=\"elements\">\n                                                                            <div class=\"el\">\n                                                                                            <div class=\"el-title\">\n                                                    Bilietas                                                <\/div>\n                                                                                                                                        <div class=\"el-price\">\n                                                    22 \u20ac                                                <\/div>\n                                                                                    <\/div>\n                                                                            <div class=\"el\">\n                                                                                            <div class=\"el-title\">\n                                                    Bilietas su nuolaida*                                                <\/div>\n                                                                                                                                        <div class=\"el-price\">\n                                                    15 \u20ac                                                <\/div>\n                                                                                    <\/div>\n                                                                            <div class=\"el\">\n                                                                                            <div class=\"el-title\">\n                                                    \u0160eimos bilietas**                                                <\/div>\n                                                                                                                                        <div class=\"el-price\">\n                                                    44 \u20ac                                                <\/div>\n                                                                                    <\/div>\n                                                                    <\/div>\n                                                    <\/div>\n                                    <\/div>\n            <\/div>\n        <\/div>\n    \n\n            <div class=\"block-post-content\">\n            <div class=\"wrap\">\n                <p>* Pensininkams, studentams, mokiniams, taip pat turintiems ISIC ir IYTC korteles <br \/>** T\u0117vams (seneliams) su nepilname\u010diais vaikais<\/p>\n<h2>Laukiame j\u016bs\u0173!<\/h2>\n            <\/div>\n        <\/div>\n    ","protected":false},"excerpt":{"rendered":"","protected":false},"author":1,"featured_media":0,"parent":0,"menu_order":0,"comment_status":"closed","ping_status":"closed","template":"","meta":{"inline_featured_image":false,"footnotes":""},"class_list":["post-1714","page","type-page","status-publish","hentry"],"yoast_head":"<!-- This site is optimized with the Yoast SEO plugin v27.4 - https:\/\/yoast.com\/product\/yoast-seo-wordpress\/ -->\n<title>Sveiki atvyk\u0119! - Vabamu<\/title>\n<meta name=\"robots\" content=\"index, follow, max-snippet:-1, max-image-preview:large, max-video-preview:-1\" \/>\n<link rel=\"canonical\" href=\"https:\/\/vabamu.ee\/lt\/home\/\" \/>\n<meta property=\"og:locale\" content=\"lt_LT\" \/>\n<meta property=\"og:type\" content=\"article\" \/>\n<meta property=\"og:title\" content=\"Sveiki atvyk\u0119! - Vabamu\" \/>\n<meta property=\"og:url\" content=\"https:\/\/vabamu.ee\/lt\/home\/\" \/>\n<meta property=\"og:site_name\" content=\"Vabamu\" \/>\n<meta property=\"article:modified_time\" content=\"2026-01-16T04:02:46+00:00\" \/>\n<meta name=\"twitter:card\" content=\"summary_large_image\" \/>\n<script type=\"application\/ld+json\" class=\"yoast-schema-graph\">{\"@context\":\"https:\\\/\\\/schema.org\",\"@graph\":[{\"@type\":\"WebPage\",\"@id\":\"https:\\\/\\\/vabamu.ee\\\/lt\\\/home\\\/\",\"url\":\"https:\\\/\\\/vabamu.ee\\\/lt\\\/home\\\/\",\"name\":\"Sveiki atvyk\u0119! - Vabamu\",\"isPartOf\":{\"@id\":\"https:\\\/\\\/vabamu.ee\\\/en\\\/#website\"},\"datePublished\":\"2023-01-10T09:18:11+00:00\",\"dateModified\":\"2026-01-16T04:02:46+00:00\",\"breadcrumb\":{\"@id\":\"https:\\\/\\\/vabamu.ee\\\/lt\\\/home\\\/#breadcrumb\"},\"inLanguage\":\"lt-LT\",\"potentialAction\":[{\"@type\":\"ReadAction\",\"target\":[\"https:\\\/\\\/vabamu.ee\\\/lt\\\/home\\\/\"]}]},{\"@type\":\"BreadcrumbList\",\"@id\":\"https:\\\/\\\/vabamu.ee\\\/lt\\\/home\\\/#breadcrumb\",\"itemListElement\":[{\"@type\":\"ListItem\",\"position\":1,\"name\":\"Home\",\"item\":\"https:\\\/\\\/vabamu.ee\\\/lt\\\/home\\\/\"},{\"@type\":\"ListItem\",\"position\":2,\"name\":\"Sveiki atvyk\u0119!\"}]},{\"@type\":\"WebSite\",\"@id\":\"https:\\\/\\\/vabamu.ee\\\/en\\\/#website\",\"url\":\"https:\\\/\\\/vabamu.ee\\\/en\\\/\",\"name\":\"Vabamu\",\"description\":\"Vabamu Website\",\"potentialAction\":[{\"@type\":\"SearchAction\",\"target\":{\"@type\":\"EntryPoint\",\"urlTemplate\":\"https:\\\/\\\/vabamu.ee\\\/en\\\/?s={search_term_string}\"},\"query-input\":{\"@type\":\"PropertyValueSpecification\",\"valueRequired\":true,\"valueName\":\"search_term_string\"}}],\"inLanguage\":\"lt-LT\"}]}<\/script>\n<!-- \/ Yoast SEO plugin. -->","yoast_head_json":{"title":"Sveiki atvyk\u0119! - Vabamu","robots":{"index":"index","follow":"follow","max-snippet":"max-snippet:-1","max-image-preview":"max-image-preview:large","max-video-preview":"max-video-preview:-1"},"canonical":"https:\/\/vabamu.ee\/lt\/home\/","og_locale":"lt_LT","og_type":"article","og_title":"Sveiki atvyk\u0119! - Vabamu","og_url":"https:\/\/vabamu.ee\/lt\/home\/","og_site_name":"Vabamu","article_modified_time":"2026-01-16T04:02:46+00:00","twitter_card":"summary_large_image","schema":{"@context":"https:\/\/schema.org","@graph":[{"@type":"WebPage","@id":"https:\/\/vabamu.ee\/lt\/home\/","url":"https:\/\/vabamu.ee\/lt\/home\/","name":"Sveiki atvyk\u0119! - Vabamu","isPartOf":{"@id":"https:\/\/vabamu.ee\/en\/#website"},"datePublished":"2023-01-10T09:18:11+00:00","dateModified":"2026-01-16T04:02:46+00:00","breadcrumb":{"@id":"https:\/\/vabamu.ee\/lt\/home\/#breadcrumb"},"inLanguage":"lt-LT","potentialAction":[{"@type":"ReadAction","target":["https:\/\/vabamu.ee\/lt\/home\/"]}]},{"@type":"BreadcrumbList","@id":"https:\/\/vabamu.ee\/lt\/home\/#breadcrumb","itemListElement":[{"@type":"ListItem","position":1,"name":"Home","item":"https:\/\/vabamu.ee\/lt\/home\/"},{"@type":"ListItem","position":2,"name":"Sveiki atvyk\u0119!"}]},{"@type":"WebSite","@id":"https:\/\/vabamu.ee\/en\/#website","url":"https:\/\/vabamu.ee\/en\/","name":"Vabamu","description":"Vabamu Website","potentialAction":[{"@type":"SearchAction","target":{"@type":"EntryPoint","urlTemplate":"https:\/\/vabamu.ee\/en\/?s={search_term_string}"},"query-input":{"@type":"PropertyValueSpecification","valueRequired":true,"valueName":"search_term_string"}}],"inLanguage":"lt-LT"}]}},"acf":[],"_links":{"self":[{"href":"https:\/\/vabamu.ee\/lt\/wp-json\/wp\/v2\/pages\/1714","targetHints":{"allow":["GET"]}}],"collection":[{"href":"https:\/\/vabamu.ee\/lt\/wp-json\/wp\/v2\/pages"}],"about":[{"href":"https:\/\/vabamu.ee\/lt\/wp-json\/wp\/v2\/types\/page"}],"author":[{"embeddable":true,"href":"https:\/\/vabamu.ee\/lt\/wp-json\/wp\/v2\/users\/1"}],"replies":[{"embeddable":true,"href":"https:\/\/vabamu.ee\/lt\/wp-json\/wp\/v2\/comments?post=1714"}],"version-history":[{"count":0,"href":"https:\/\/vabamu.ee\/lt\/wp-json\/wp\/v2\/pages\/1714\/revisions"}],"wp:attachment":[{"href":"https:\/\/vabamu.ee\/lt\/wp-json\/wp\/v2\/media?parent=1714"}],"curies":[{"name":"wp","href":"https:\/\/api.w.org\/{rel}","templated":true}]}}