{"id":14143,"date":"2025-05-20T11:40:06","date_gmt":"2025-05-20T11:40:06","guid":{"rendered":"https:\/\/vabamu.ee\/?page_id=14143"},"modified":"2026-02-02T09:31:50","modified_gmt":"2026-02-02T09:31:50","slug":"kgbn-vankisellit-liput-ja-aukioloajat","status":"publish","type":"page","link":"https:\/\/vabamu.ee\/fi\/kgbn-vankisellit-liput-ja-aukioloajat\/","title":{"rendered":"KGB:n vankisellit Liput ja Aukioloajat"},"content":{"rendered":"            <div class=\"block-tickets anim\">\n            <div class=\"wrap\">\n                                    <h2>KGB:n vankisellit liput<\/h2>\n                                <div class=\"block-tickets__items\">\n                                            <div class=\"item\">\n\n                                <div class=\"time\">\n                                    Ke\u2013Su 11:00\u201318:00                                <\/div>\n                            <h3>\n                                KGB:n vankisellit                            <\/h3>\n                            <div class=\"sub-title\">\n                                                            <\/div>\n                                                            <div class=\"elements\">\n                                                                            <div class=\"el\">\n                                                                                            <div class=\"el-title\">\n                                                    Peruslippu                                                <\/div>\n                                                                                                                                        <div class=\"el-price\">\n                                                    10 \u20ac                                                <\/div>\n                                                                                    <\/div>\n                                                                            <div class=\"el\">\n                                                                                            <div class=\"el-title\">\n                                                    Alennuslippu*                                                <\/div>\n                                                                                                                                        <div class=\"el-price\">\n                                                    8 \u20ac                                                <\/div>\n                                                                                    <\/div>\n                                                                            <div class=\"el\">\n                                                                                            <div class=\"el-title\">\n                                                    Perhelippu**                                                <\/div>\n                                                                                                                                        <div class=\"el-price\">\n                                                    20 \u20ac                                                <\/div>\n                                                                                    <\/div>\n                                                                    <\/div>\n                                                    <\/div>\n                                            <div class=\"item\">\n\n                                <div class=\"time\">\n                                                                    <\/div>\n                            <h3>\n                                Vabamu ja KGB:n vankisellit yhteislippu                            <\/h3>\n                            <div class=\"sub-title\">\n                                                            <\/div>\n                                                            <div class=\"elements\">\n                                                                            <div class=\"el\">\n                                                                                            <div class=\"el-title\">\n                                                    Peruslippu                                                <\/div>\n                                                                                                                                        <div class=\"el-price\">\n                                                    22 \u20ac                                                <\/div>\n                                                                                    <\/div>\n                                                                            <div class=\"el\">\n                                                                                            <div class=\"el-title\">\n                                                    Alennuslippu*                                                <\/div>\n                                                                                                                                        <div class=\"el-price\">\n                                                    15 \u20ac                                                <\/div>\n                                                                                    <\/div>\n                                                                            <div class=\"el\">\n                                                                                            <div class=\"el-title\">\n                                                    Perhelippu**\t                                                <\/div>\n                                                                                                                                        <div class=\"el-price\">\n                                                    44 \u20ac                                                <\/div>\n                                                                                    <\/div>\n                                                                    <\/div>\n                                                    <\/div>\n                                    <\/div>\n            <\/div>\n        <\/div>\n    \n\n            <div class=\"block-pretitle-title-description \">\n            <div class=\"wrap\">\n                                                    <h2 class=\"anim\">KGB:n vankisellit aukioloajat<\/h2>\n                                                    <div class=\"description anim\">\n                        <p style=\"text-align: center;\"><span data-contrast=\"none\">Vabamu-museo ja KGB:n vankisellit ovat avoinna:<\/span><span data-ccp-props=\"{&quot;134233117&quot;:false,&quot;134233118&quot;:false,&quot;335551550&quot;:0,&quot;335551620&quot;:0,&quot;335559738&quot;:240,&quot;335559739&quot;:240}\">\u00a0<\/span><\/p>\n<p style=\"text-align: center;\"><span data-contrast=\"none\">Kes\u00e4kaudella (1. toukokuuta &#8211; 30. syyskuuta) joka p\u00e4iv\u00e4 klo 10.00\u201318.00.<\/span><\/p>\n<p style=\"text-align: center;\">Talvikaudella (1. lokakuuta &#8211; 30. huhtikuuta) keskiviikosta sunnuntaihin klo 11.00\u201318.00.<\/p>\n<p style=\"text-align: left;\"><strong>Aukioloajat pyh\u00e4p\u00e4ivin\u00e4 vuonna 2026:\u00a0<\/strong><\/p>\n<p style=\"text-align: left;\"><b><span data-contrast=\"none\">Avoinna<\/span><\/b><br \/>\n<span data-contrast=\"none\">24. helmikuuta \u2013 Itsen\u00e4isyysp\u00e4iv\u00e4, Viron tasavallan juhlap\u00e4iv\u00e4<\/span><br \/>\n<span data-contrast=\"none\">3. huhtikuuta \u2013 Pitk\u00e4perjantai<\/span><br \/>\n<span data-contrast=\"none\">5. huhtikuuta \u2013 P\u00e4\u00e4si\u00e4issunnuntai<br \/>\n<\/span>1. toukokuuta \u2013 Vappu<br \/>\n<span data-contrast=\"none\">24. toukokuuta \u2013 Helluntai<br \/>\n<\/span><span data-contrast=\"none\">20. elokuuta \u2013 Itsens\u00e4 palauttamisen p\u00e4iv\u00e4<\/span><span data-ccp-props=\"{&quot;134233117&quot;:false,&quot;134233118&quot;:false,&quot;335551550&quot;:0,&quot;335551620&quot;:0,&quot;335559738&quot;:0,&quot;335559739&quot;:0}\">\u00a0<\/span><\/p>\n<p style=\"text-align: left;\"><b><span data-contrast=\"none\">Suljettu<\/span><\/b><br \/>\n<span data-contrast=\"none\">23. kes\u00e4kuuta \u2013 Voitonp\u00e4iv\u00e4<\/span><br \/>\n<span data-contrast=\"none\"> 24. kes\u00e4kuuta \u2013 Juhannusp\u00e4iv\u00e4<\/span><br \/>\n<span data-contrast=\"none\"> 24. joulukuuta \u2013 Jouluaatto<\/span><br \/>\n<span data-contrast=\"none\"> 25. joulukuuta \u2013 Joulup\u00e4iv\u00e4<\/span><br \/>\n<span data-contrast=\"none\"> 26. joulukuuta \u2013 Toinen joulup\u00e4iv\u00e4 <\/span><br \/>\n<span data-contrast=\"none\">1. tammikuuta \u2013 Uudenvuodenp\u00e4iv\u00e4<\/span><span data-ccp-props=\"{&quot;134233117&quot;:false,&quot;134233118&quot;:false,&quot;335551550&quot;:0,&quot;335551620&quot;:0,&quot;335559738&quot;:240,&quot;335559739&quot;:240}\">\u00a0<\/span><\/p>\n                    <\/div>\n                            <\/div>\n        <\/div>\n    ","protected":false},"excerpt":{"rendered":"","protected":false},"author":16,"featured_media":0,"parent":0,"menu_order":0,"comment_status":"closed","ping_status":"closed","template":"","meta":{"inline_featured_image":false,"footnotes":""},"class_list":["post-14143","page","type-page","status-publish","hentry"],"yoast_head":"<!-- This site is optimized with the Yoast SEO plugin v27.4 - https:\/\/yoast.com\/product\/yoast-seo-wordpress\/ -->\n<title>KGB:n vankisellit Liput ja Aukioloajat - Vabamu<\/title>\n<meta name=\"robots\" content=\"index, follow, max-snippet:-1, max-image-preview:large, max-video-preview:-1\" \/>\n<link rel=\"canonical\" href=\"https:\/\/vabamu.ee\/fi\/kgbn-vankisellit-liput-ja-aukioloajat\/\" \/>\n<meta property=\"og:locale\" content=\"fi_FI\" \/>\n<meta property=\"og:type\" content=\"article\" \/>\n<meta property=\"og:title\" content=\"KGB:n vankisellit Liput ja Aukioloajat - Vabamu\" \/>\n<meta property=\"og:url\" content=\"https:\/\/vabamu.ee\/fi\/kgbn-vankisellit-liput-ja-aukioloajat\/\" \/>\n<meta property=\"og:site_name\" content=\"Vabamu\" \/>\n<meta property=\"article:modified_time\" content=\"2026-02-02T09:31:50+00:00\" \/>\n<meta name=\"twitter:card\" content=\"summary_large_image\" \/>\n<script type=\"application\/ld+json\" class=\"yoast-schema-graph\">{\"@context\":\"https:\\\/\\\/schema.org\",\"@graph\":[{\"@type\":\"WebPage\",\"@id\":\"https:\\\/\\\/vabamu.ee\\\/fi\\\/kgbn-vankisellit-liput-ja-aukioloajat\\\/\",\"url\":\"https:\\\/\\\/vabamu.ee\\\/fi\\\/kgbn-vankisellit-liput-ja-aukioloajat\\\/\",\"name\":\"KGB:n vankisellit Liput ja Aukioloajat - Vabamu\",\"isPartOf\":{\"@id\":\"https:\\\/\\\/vabamu.ee\\\/en\\\/#website\"},\"datePublished\":\"2025-05-20T11:40:06+00:00\",\"dateModified\":\"2026-02-02T09:31:50+00:00\",\"breadcrumb\":{\"@id\":\"https:\\\/\\\/vabamu.ee\\\/fi\\\/kgbn-vankisellit-liput-ja-aukioloajat\\\/#breadcrumb\"},\"inLanguage\":\"fi\",\"potentialAction\":[{\"@type\":\"ReadAction\",\"target\":[\"https:\\\/\\\/vabamu.ee\\\/fi\\\/kgbn-vankisellit-liput-ja-aukioloajat\\\/\"]}]},{\"@type\":\"BreadcrumbList\",\"@id\":\"https:\\\/\\\/vabamu.ee\\\/fi\\\/kgbn-vankisellit-liput-ja-aukioloajat\\\/#breadcrumb\",\"itemListElement\":[{\"@type\":\"ListItem\",\"position\":1,\"name\":\"Home\",\"item\":\"https:\\\/\\\/vabamu.ee\\\/fi\\\/home\\\/\"},{\"@type\":\"ListItem\",\"position\":2,\"name\":\"KGB:n vankisellit Liput ja Aukioloajat\"}]},{\"@type\":\"WebSite\",\"@id\":\"https:\\\/\\\/vabamu.ee\\\/en\\\/#website\",\"url\":\"https:\\\/\\\/vabamu.ee\\\/en\\\/\",\"name\":\"Vabamu\",\"description\":\"Vabamu Website\",\"potentialAction\":[{\"@type\":\"SearchAction\",\"target\":{\"@type\":\"EntryPoint\",\"urlTemplate\":\"https:\\\/\\\/vabamu.ee\\\/en\\\/?s={search_term_string}\"},\"query-input\":{\"@type\":\"PropertyValueSpecification\",\"valueRequired\":true,\"valueName\":\"search_term_string\"}}],\"inLanguage\":\"fi\"}]}<\/script>\n<!-- \/ Yoast SEO plugin. -->","yoast_head_json":{"title":"KGB:n vankisellit Liput ja Aukioloajat - Vabamu","robots":{"index":"index","follow":"follow","max-snippet":"max-snippet:-1","max-image-preview":"max-image-preview:large","max-video-preview":"max-video-preview:-1"},"canonical":"https:\/\/vabamu.ee\/fi\/kgbn-vankisellit-liput-ja-aukioloajat\/","og_locale":"fi_FI","og_type":"article","og_title":"KGB:n vankisellit Liput ja Aukioloajat - Vabamu","og_url":"https:\/\/vabamu.ee\/fi\/kgbn-vankisellit-liput-ja-aukioloajat\/","og_site_name":"Vabamu","article_modified_time":"2026-02-02T09:31:50+00:00","twitter_card":"summary_large_image","schema":{"@context":"https:\/\/schema.org","@graph":[{"@type":"WebPage","@id":"https:\/\/vabamu.ee\/fi\/kgbn-vankisellit-liput-ja-aukioloajat\/","url":"https:\/\/vabamu.ee\/fi\/kgbn-vankisellit-liput-ja-aukioloajat\/","name":"KGB:n vankisellit Liput ja Aukioloajat - Vabamu","isPartOf":{"@id":"https:\/\/vabamu.ee\/en\/#website"},"datePublished":"2025-05-20T11:40:06+00:00","dateModified":"2026-02-02T09:31:50+00:00","breadcrumb":{"@id":"https:\/\/vabamu.ee\/fi\/kgbn-vankisellit-liput-ja-aukioloajat\/#breadcrumb"},"inLanguage":"fi","potentialAction":[{"@type":"ReadAction","target":["https:\/\/vabamu.ee\/fi\/kgbn-vankisellit-liput-ja-aukioloajat\/"]}]},{"@type":"BreadcrumbList","@id":"https:\/\/vabamu.ee\/fi\/kgbn-vankisellit-liput-ja-aukioloajat\/#breadcrumb","itemListElement":[{"@type":"ListItem","position":1,"name":"Home","item":"https:\/\/vabamu.ee\/fi\/home\/"},{"@type":"ListItem","position":2,"name":"KGB:n vankisellit Liput ja Aukioloajat"}]},{"@type":"WebSite","@id":"https:\/\/vabamu.ee\/en\/#website","url":"https:\/\/vabamu.ee\/en\/","name":"Vabamu","description":"Vabamu Website","potentialAction":[{"@type":"SearchAction","target":{"@type":"EntryPoint","urlTemplate":"https:\/\/vabamu.ee\/en\/?s={search_term_string}"},"query-input":{"@type":"PropertyValueSpecification","valueRequired":true,"valueName":"search_term_string"}}],"inLanguage":"fi"}]}},"acf":[],"_links":{"self":[{"href":"https:\/\/vabamu.ee\/fi\/wp-json\/wp\/v2\/pages\/14143","targetHints":{"allow":["GET"]}}],"collection":[{"href":"https:\/\/vabamu.ee\/fi\/wp-json\/wp\/v2\/pages"}],"about":[{"href":"https:\/\/vabamu.ee\/fi\/wp-json\/wp\/v2\/types\/page"}],"author":[{"embeddable":true,"href":"https:\/\/vabamu.ee\/fi\/wp-json\/wp\/v2\/users\/16"}],"replies":[{"embeddable":true,"href":"https:\/\/vabamu.ee\/fi\/wp-json\/wp\/v2\/comments?post=14143"}],"version-history":[{"count":0,"href":"https:\/\/vabamu.ee\/fi\/wp-json\/wp\/v2\/pages\/14143\/revisions"}],"wp:attachment":[{"href":"https:\/\/vabamu.ee\/fi\/wp-json\/wp\/v2\/media?parent=14143"}],"curies":[{"name":"wp","href":"https:\/\/api.w.org\/{rel}","templated":true}]}}